{"id":5738,"date":"2022-06-28T10:07:43","date_gmt":"2022-06-28T10:07:43","guid":{"rendered":"https:\/\/fit.ictu.edu.vn\/?page_id=5738"},"modified":"2024-03-25T23:40:18","modified_gmt":"2024-03-25T16:40:18","slug":"doi-tac-hop-tac","status":"publish","type":"page","link":"https:\/\/iit.ictu.edu.vn\/en\/doi-tac-hop-tac\/","title":{"rendered":"\u0110\u1ed1i t\u00e1c &#8211; H\u1ee3p t\u00e1c"},"content":{"rendered":"\t\t<div data-elementor-type=\"wp-page\" data-elementor-id=\"5738\" class=\"elementor elementor-5738\" data-elementor-post-type=\"page\">\n\t\t\t\t\t\t<div class=\"elementor-inner\">\n\t\t\t\t<div class=\"elementor-section-wrap\">\n\t\t\t\t\t\t\t\t\t<section class=\"elementor-section elementor-top-section elementor-element elementor-element-c80999b elementor-section-height-min-height elementor-section-stretched elementor-section-boxed elementor-section-height-default elementor-section-items-middle none elementor-has-width\" data-id=\"c80999b\" data-element_type=\"section\" data-settings=\"{&quot;background_background&quot;:&quot;video&quot;,&quot;background_video_link&quot;:&quot;https:\\\/\\\/youtu.be\\\/dXehgt05g8Q&quot;,&quot;background_video_start&quot;:21,&quot;background_video_end&quot;:55,&quot;background_play_on_mobile&quot;:&quot;yes&quot;,&quot;background_privacy_mode&quot;:&quot;yes&quot;,&quot;stretch_section&quot;:&quot;section-stretched&quot;}\">\n\t\t\t\t\t\t\t\t<div class=\"elementor-background-video-container\">\n\t\t\t\t\t\t\t\t\t\t\t\t\t<div class=\"elementor-background-video-embed\"><\/div>\n\t\t\t\t\t\t\t\t\t\t\t\t<\/div>\n\t\t\t\t\t\t\t\t\t<div class=\"elementor-background-overlay\"><\/div>\n\t\t\t\t\t\t\t<div class=\"elementor-container elementor-column-gap-no\">\n\t\t\t\t\t\t\t<div class=\"elementor-row\">\n\t\t\t\t\t<div class=\"elementor-column elementor-col-100 elementor-top-column elementor-element elementor-element-e3bc383 none\" data-id=\"e3bc383\" data-element_type=\"column\">\n\t\t\t<div class=\"elementor-column-wrap elementor-element-populated\">\n\t\t\t\t\t\t\t<div class=\"elementor-widget-wrap\">\n\t\t\t\t\t\t<div class=\"elementor-element elementor-element-8814874 none elementor-invisible elementor-widget elementor-widget-heading\" data-id=\"8814874\" data-element_type=\"widget\" data-settings=\"{&quot;_animation&quot;:&quot;rubberBand&quot;}\" data-widget_type=\"heading.default\">\n\t\t\t\t<div class=\"elementor-widget-container\">\n\t\t\t<h2 class=\"elementor-heading-title elementor-size-default\">INTL. COOPERATION<\/h2>\t\t<\/div>\n\t\t\t\t<\/div>\n\t\t\t\t\t\t<\/div>\n\t\t\t\t\t<\/div>\n\t\t<\/div>\n\t\t\t\t\t\t\t\t<\/div>\n\t\t\t\t\t<\/div>\n\t\t<\/section>\n\t\t\t\t<section class=\"elementor-section elementor-top-section elementor-element elementor-element-239eba9 elementor-section-boxed elementor-section-height-default elementor-section-height-default none\" data-id=\"239eba9\" data-element_type=\"section\">\n\t\t\t\t\t\t<div class=\"elementor-container elementor-column-gap-default\">\n\t\t\t\t\t\t\t<div class=\"elementor-row\">\n\t\t\t\t\t<div class=\"elementor-column elementor-col-100 elementor-top-column elementor-element elementor-element-f12f73c none\" data-id=\"f12f73c\" data-element_type=\"column\">\n\t\t\t<div class=\"elementor-column-wrap elementor-element-populated\">\n\t\t\t\t\t\t\t<div class=\"elementor-widget-wrap\">\n\t\t\t\t\t\t<div class=\"elementor-element elementor-element-790b2d3 elementor-grid-4 elementor-posts--align-left posts-gunter-x-15-and-bordered--on-mobile elementor-grid-tablet-2 elementor-grid-mobile-1 elementor-posts--thumbnail-top none elementor-widget elementor-widget-posts\" data-id=\"790b2d3\" data-element_type=\"widget\" data-settings=\"{&quot;classic_columns&quot;:&quot;4&quot;,&quot;classic_columns_tablet&quot;:&quot;2&quot;,&quot;classic_columns_mobile&quot;:&quot;1&quot;,&quot;classic_row_gap&quot;:{&quot;unit&quot;:&quot;px&quot;,&quot;size&quot;:35,&quot;sizes&quot;:[]},&quot;classic_row_gap_tablet&quot;:{&quot;unit&quot;:&quot;px&quot;,&quot;size&quot;:&quot;&quot;,&quot;sizes&quot;:[]},&quot;classic_row_gap_mobile&quot;:{&quot;unit&quot;:&quot;px&quot;,&quot;size&quot;:&quot;&quot;,&quot;sizes&quot;:[]}}\" data-widget_type=\"posts.classic\">\n\t\t\t\t<div class=\"elementor-widget-container\">\n\t\t\t\t\t<div class=\"elementor-posts-container elementor-posts elementor-posts--skin-classic elementor-grid\">\n\t\t\t\t<article class=\"elementor-post elementor-grid-item post-8540 post type-post status-publish format-standard has-post-thumbnail hentry category-doi-tac-hop-tac category-tin-tuc-su-kien\">\n\t\t\t\t<a class=\"elementor-post__thumbnail__link\" href=\"https:\/\/iit.ictu.edu.vn\/en\/ictu-jaist-tiep-tuc-dinh-huong-hop-tac-chuyen-sau\/\" tabindex=\"-1\" >\n\t\t\t<div class=\"elementor-post__thumbnail\"><img fetchpriority=\"high\" decoding=\"async\" width=\"300\" height=\"200\" src=\"https:\/\/iit.ictu.edu.vn\/en\/wp-content\/uploads\/sites\/3\/2023\/05\/ICTU_JAIST-300x200.jpg\" class=\"attachment-medium size-medium wp-image-8541\" alt=\"\" srcset=\"https:\/\/iit.ictu.edu.vn\/en\/wp-content\/uploads\/sites\/3\/2023\/05\/ICTU_JAIST-300x200.jpg 300w, https:\/\/iit.ictu.edu.vn\/en\/wp-content\/uploads\/sites\/3\/2023\/05\/ICTU_JAIST.jpg 768w\" sizes=\"(max-width: 300px) 100vw, 300px\" \/><\/div>\n\t\t<\/a>\n\t\t\t\t<div class=\"elementor-post__text\">\n\t\t\t\t<h3 class=\"elementor-post__title\">\n\t\t\t<a href=\"https:\/\/iit.ictu.edu.vn\/en\/ictu-jaist-tiep-tuc-dinh-huong-hop-tac-chuyen-sau\/\" >\n\t\t\t\tICTU &#038; JAIST \u2013 Ti\u1ebfp t\u1ee5c \u0111\u1ecbnh h\u01b0\u1edbng h\u1ee3p t\u00e1c chuy\u00ean s\u00e2u\t\t\t<\/a>\n\t\t<\/h3>\n\t\t\t\t<div class=\"elementor-post__excerpt\">\n\t\t\t<p>Xem chi ti\u1ebft t\u1ea1i: ICTU &amp; JAIST \u2013 Ti\u1ebfp t\u1ee5c \u0111\u1ecbnh h\u01b0\u1edbng h\u1ee3p t\u00e1c chuy\u00ean s\u00e2u<\/p>\n\t\t<\/div>\n\t\t\n\t\t<a class=\"elementor-post__read-more\" href=\"https:\/\/iit.ictu.edu.vn\/en\/ictu-jaist-tiep-tuc-dinh-huong-hop-tac-chuyen-sau\/\" aria-label=\"Read more about ICTU &#038; JAIST \u2013 Ti\u1ebfp t\u1ee5c \u0111\u1ecbnh h\u01b0\u1edbng h\u1ee3p t\u00e1c chuy\u00ean s\u00e2u\" tabindex=\"-1\" >\n\t\t\tXEM CHI TI\u1ebeT \u00bb\t\t<\/a>\n\n\t\t\t\t<\/div>\n\t\t\t\t<\/article>\n\t\t\t\t<article class=\"elementor-post elementor-grid-item post-8518 post type-post status-publish format-standard has-post-thumbnail hentry category-doi-tac-hop-tac category-tin-tuc-su-kien\">\n\t\t\t\t<a class=\"elementor-post__thumbnail__link\" href=\"https:\/\/iit.ictu.edu.vn\/en\/ictu-tang-cuong-hop-tac-quoc-te-mo-rong-co-hoi-phat-trien\/\" tabindex=\"-1\" >\n\t\t\t<div class=\"elementor-post__thumbnail\"><img decoding=\"async\" width=\"300\" height=\"200\" src=\"https:\/\/iit.ictu.edu.vn\/en\/wp-content\/uploads\/sites\/3\/2023\/05\/Doan-Nhat-Ban-4.2023-300x200.jpg\" class=\"attachment-medium size-medium wp-image-8519\" alt=\"\" srcset=\"https:\/\/iit.ictu.edu.vn\/en\/wp-content\/uploads\/sites\/3\/2023\/05\/Doan-Nhat-Ban-4.2023-300x200.jpg 300w, https:\/\/iit.ictu.edu.vn\/en\/wp-content\/uploads\/sites\/3\/2023\/05\/Doan-Nhat-Ban-4.2023-1024x683.jpg 1024w, https:\/\/iit.ictu.edu.vn\/en\/wp-content\/uploads\/sites\/3\/2023\/05\/Doan-Nhat-Ban-4.2023-768x512.jpg 768w, https:\/\/iit.ictu.edu.vn\/en\/wp-content\/uploads\/sites\/3\/2023\/05\/Doan-Nhat-Ban-4.2023-1536x1024.jpg 1536w, https:\/\/iit.ictu.edu.vn\/en\/wp-content\/uploads\/sites\/3\/2023\/05\/Doan-Nhat-Ban-4.2023-2048x1365.jpg 2048w\" sizes=\"(max-width: 300px) 100vw, 300px\" \/><\/div>\n\t\t<\/a>\n\t\t\t\t<div class=\"elementor-post__text\">\n\t\t\t\t<h3 class=\"elementor-post__title\">\n\t\t\t<a href=\"https:\/\/iit.ictu.edu.vn\/en\/ictu-tang-cuong-hop-tac-quoc-te-mo-rong-co-hoi-phat-trien\/\" >\n\t\t\t\tICTU t\u0103ng c\u01b0\u1eddng h\u1ee3p t\u00e1c qu\u1ed1c t\u1ebf \u2013 m\u1edf r\u1ed9ng c\u01a1 h\u1ed9i ph\u00e1t tri\u1ec3n\t\t\t<\/a>\n\t\t<\/h3>\n\t\t\t\t<div class=\"elementor-post__excerpt\">\n\t\t\t<p>Xem chi ti\u1ebft t\u1ea1i: ICTU t\u0103ng c\u01b0\u1eddng h\u1ee3p t\u00e1c qu\u1ed1c t\u1ebf \u2013 m\u1edf r\u1ed9ng c\u01a1 h\u1ed9i ph\u00e1t tri\u1ec3n<\/p>\n\t\t<\/div>\n\t\t\n\t\t<a class=\"elementor-post__read-more\" href=\"https:\/\/iit.ictu.edu.vn\/en\/ictu-tang-cuong-hop-tac-quoc-te-mo-rong-co-hoi-phat-trien\/\" aria-label=\"Read more about ICTU t\u0103ng c\u01b0\u1eddng h\u1ee3p t\u00e1c qu\u1ed1c t\u1ebf \u2013 m\u1edf r\u1ed9ng c\u01a1 h\u1ed9i ph\u00e1t tri\u1ec3n\" tabindex=\"-1\" >\n\t\t\tXEM CHI TI\u1ebeT \u00bb\t\t<\/a>\n\n\t\t\t\t<\/div>\n\t\t\t\t<\/article>\n\t\t\t\t<article class=\"elementor-post elementor-grid-item post-8530 post type-post status-publish format-standard has-post-thumbnail hentry category-doi-tac-hop-tac category-tin-tuc-su-kien\">\n\t\t\t\t<a class=\"elementor-post__thumbnail__link\" href=\"https:\/\/iit.ictu.edu.vn\/en\/ictu-lam-viec-voi-dai-hoc-quoc-gia-kyungpook-han-quoc\/\" tabindex=\"-1\" >\n\t\t\t<div class=\"elementor-post__thumbnail\"><img decoding=\"async\" width=\"300\" height=\"200\" src=\"https:\/\/iit.ictu.edu.vn\/en\/wp-content\/uploads\/sites\/3\/2023\/05\/IMG_8590-1-300x200.jpg\" class=\"attachment-medium size-medium wp-image-8531\" alt=\"\" srcset=\"https:\/\/iit.ictu.edu.vn\/en\/wp-content\/uploads\/sites\/3\/2023\/05\/IMG_8590-1-300x200.jpg 300w, https:\/\/iit.ictu.edu.vn\/en\/wp-content\/uploads\/sites\/3\/2023\/05\/IMG_8590-1-1024x683.jpg 1024w, https:\/\/iit.ictu.edu.vn\/en\/wp-content\/uploads\/sites\/3\/2023\/05\/IMG_8590-1-768x512.jpg 768w, https:\/\/iit.ictu.edu.vn\/en\/wp-content\/uploads\/sites\/3\/2023\/05\/IMG_8590-1-1536x1024.jpg 1536w, https:\/\/iit.ictu.edu.vn\/en\/wp-content\/uploads\/sites\/3\/2023\/05\/IMG_8590-1-2048x1365.jpg 2048w\" sizes=\"(max-width: 300px) 100vw, 300px\" \/><\/div>\n\t\t<\/a>\n\t\t\t\t<div class=\"elementor-post__text\">\n\t\t\t\t<h3 class=\"elementor-post__title\">\n\t\t\t<a href=\"https:\/\/iit.ictu.edu.vn\/en\/ictu-lam-viec-voi-dai-hoc-quoc-gia-kyungpook-han-quoc\/\" >\n\t\t\t\tICTU l\u00e0m vi\u1ec7c v\u1edbi \u0110\u1ea1i h\u1ecdc qu\u1ed1c gia Kyungpook H\u00e0n Qu\u1ed1c\t\t\t<\/a>\n\t\t<\/h3>\n\t\t\t\t<div class=\"elementor-post__excerpt\">\n\t\t\t<p>Xem chi ti\u1ebft t\u1ea1i: ICTU l\u00e0m vi\u1ec7c v\u1edbi \u0110\u1ea1i h\u1ecdc qu\u1ed1c gia Kyungpook H\u00e0n Qu\u1ed1c<\/p>\n\t\t<\/div>\n\t\t\n\t\t<a class=\"elementor-post__read-more\" href=\"https:\/\/iit.ictu.edu.vn\/en\/ictu-lam-viec-voi-dai-hoc-quoc-gia-kyungpook-han-quoc\/\" aria-label=\"Read more about ICTU l\u00e0m vi\u1ec7c v\u1edbi \u0110\u1ea1i h\u1ecdc qu\u1ed1c gia Kyungpook H\u00e0n Qu\u1ed1c\" tabindex=\"-1\" >\n\t\t\tXEM CHI TI\u1ebeT \u00bb\t\t<\/a>\n\n\t\t\t\t<\/div>\n\t\t\t\t<\/article>\n\t\t\t\t<article class=\"elementor-post elementor-grid-item post-8526 post type-post status-publish format-standard has-post-thumbnail hentry category-doi-tac-hop-tac category-tin-tuc-su-kien\">\n\t\t\t\t<a class=\"elementor-post__thumbnail__link\" href=\"https:\/\/iit.ictu.edu.vn\/en\/lam-viec-voi-hcl-an-do-ve-ke-hoach-trien-khai-cac-hoat-dong-hop-tac-nam-2022\/\" tabindex=\"-1\" >\n\t\t\t<div class=\"elementor-post__thumbnail\"><img loading=\"lazy\" decoding=\"async\" width=\"300\" height=\"149\" src=\"https:\/\/iit.ictu.edu.vn\/en\/wp-content\/uploads\/sites\/3\/2023\/05\/7.2-300x149.jpg\" class=\"attachment-medium size-medium wp-image-7878\" alt=\"\" srcset=\"https:\/\/iit.ictu.edu.vn\/en\/wp-content\/uploads\/sites\/3\/2023\/05\/7.2-300x149.jpg 300w, https:\/\/iit.ictu.edu.vn\/en\/wp-content\/uploads\/sites\/3\/2023\/05\/7.2-1024x510.jpg 1024w, https:\/\/iit.ictu.edu.vn\/en\/wp-content\/uploads\/sites\/3\/2023\/05\/7.2-768x382.jpg 768w, https:\/\/iit.ictu.edu.vn\/en\/wp-content\/uploads\/sites\/3\/2023\/05\/7.2-1536x764.jpg 1536w, https:\/\/iit.ictu.edu.vn\/en\/wp-content\/uploads\/sites\/3\/2023\/05\/7.2-2048x1019.jpg 2048w\" sizes=\"(max-width: 300px) 100vw, 300px\" \/><\/div>\n\t\t<\/a>\n\t\t\t\t<div class=\"elementor-post__text\">\n\t\t\t\t<h3 class=\"elementor-post__title\">\n\t\t\t<a href=\"https:\/\/iit.ictu.edu.vn\/en\/lam-viec-voi-hcl-an-do-ve-ke-hoach-trien-khai-cac-hoat-dong-hop-tac-nam-2022\/\" >\n\t\t\t\tL\u00e0m vi\u1ec7c v\u1edbi HCL \u1ea4n \u0110\u1ed9 v\u1ec1 k\u1ebf ho\u1ea1ch tri\u1ec3n khai c\u00e1c ho\u1ea1t \u0111\u1ed9ng h\u1ee3p t\u00e1c n\u0103m 2022\t\t\t<\/a>\n\t\t<\/h3>\n\t\t\t\t<div class=\"elementor-post__excerpt\">\n\t\t\t<p>Xem chi ti\u1ebft t\u1ea1i: L\u00e0m vi\u1ec7c v\u1edbi HCL \u1ea4n \u0110\u1ed9 v\u1ec1 k\u1ebf ho\u1ea1ch tri\u1ec3n khai c\u00e1c ho\u1ea1t \u0111\u1ed9ng h\u1ee3p t\u00e1c n\u0103m 2022<\/p>\n\t\t<\/div>\n\t\t\n\t\t<a class=\"elementor-post__read-more\" href=\"https:\/\/iit.ictu.edu.vn\/en\/lam-viec-voi-hcl-an-do-ve-ke-hoach-trien-khai-cac-hoat-dong-hop-tac-nam-2022\/\" aria-label=\"Read more about L\u00e0m vi\u1ec7c v\u1edbi HCL \u1ea4n \u0110\u1ed9 v\u1ec1 k\u1ebf ho\u1ea1ch tri\u1ec3n khai c\u00e1c ho\u1ea1t \u0111\u1ed9ng h\u1ee3p t\u00e1c n\u0103m 2022\" tabindex=\"-1\" >\n\t\t\tXEM CHI TI\u1ebeT \u00bb\t\t<\/a>\n\n\t\t\t\t<\/div>\n\t\t\t\t<\/article>\n\t\t\t\t<article class=\"elementor-post elementor-grid-item post-8533 post type-post status-publish format-standard has-post-thumbnail hentry category-doi-tac-hop-tac category-tin-tuc-su-kien\">\n\t\t\t\t<a class=\"elementor-post__thumbnail__link\" href=\"https:\/\/iit.ictu.edu.vn\/en\/truong-dai-hoc-phung-giap-dai-loan-tham-va-lam-viec-tai-ictu\/\" tabindex=\"-1\" >\n\t\t\t<div class=\"elementor-post__thumbnail\"><img loading=\"lazy\" decoding=\"async\" width=\"300\" height=\"198\" src=\"https:\/\/iit.ictu.edu.vn\/en\/wp-content\/uploads\/sites\/3\/2023\/05\/FCU-2015-300x198.jpg\" class=\"attachment-medium size-medium wp-image-8535\" alt=\"\" srcset=\"https:\/\/iit.ictu.edu.vn\/en\/wp-content\/uploads\/sites\/3\/2023\/05\/FCU-2015-300x198.jpg 300w, https:\/\/iit.ictu.edu.vn\/en\/wp-content\/uploads\/sites\/3\/2023\/05\/FCU-2015.jpg 600w\" sizes=\"(max-width: 300px) 100vw, 300px\" \/><\/div>\n\t\t<\/a>\n\t\t\t\t<div class=\"elementor-post__text\">\n\t\t\t\t<h3 class=\"elementor-post__title\">\n\t\t\t<a href=\"https:\/\/iit.ictu.edu.vn\/en\/truong-dai-hoc-phung-giap-dai-loan-tham-va-lam-viec-tai-ictu\/\" >\n\t\t\t\tTr\u01b0\u1eddng \u0110\u1ea1i h\u1ecdc Ph\u00f9ng Gi\u00e1p, \u0110\u00e0i Loan th\u0103m v\u00e0 l\u00e0m vi\u1ec7c t\u1ea1i ICTU\t\t\t<\/a>\n\t\t<\/h3>\n\t\t\t\t<div class=\"elementor-post__excerpt\">\n\t\t\t<p>Xem chi ti\u1ebft t\u1ea1i: Tr\u01b0\u1eddng \u0110\u1ea1i h\u1ecdc Ph\u00f9ng Gi\u00e1p, \u0110\u00e0i Loan th\u0103m v\u00e0 l\u00e0m vi\u1ec7c t\u1ea1i ICTU<\/p>\n\t\t<\/div>\n\t\t\n\t\t<a class=\"elementor-post__read-more\" href=\"https:\/\/iit.ictu.edu.vn\/en\/truong-dai-hoc-phung-giap-dai-loan-tham-va-lam-viec-tai-ictu\/\" aria-label=\"Read more about Tr\u01b0\u1eddng \u0110\u1ea1i h\u1ecdc Ph\u00f9ng Gi\u00e1p, \u0110\u00e0i Loan th\u0103m v\u00e0 l\u00e0m vi\u1ec7c t\u1ea1i ICTU\" tabindex=\"-1\" >\n\t\t\tXEM CHI TI\u1ebeT \u00bb\t\t<\/a>\n\n\t\t\t\t<\/div>\n\t\t\t\t<\/article>\n\t\t\t\t<article class=\"elementor-post elementor-grid-item post-5748 post type-post status-publish format-standard has-post-thumbnail hentry category-doi-tac-hop-tac\">\n\t\t\t\t<a class=\"elementor-post__thumbnail__link\" href=\"https:\/\/iit.ictu.edu.vn\/en\/doan-cong-tac-ictu-tai-dai-hoc-quoc-gia-kyungpook-va-dai-hoc-gumi-han-quoc\/\" tabindex=\"-1\" >\n\t\t\t<div class=\"elementor-post__thumbnail\"><img loading=\"lazy\" decoding=\"async\" width=\"300\" height=\"207\" src=\"https:\/\/iit.ictu.edu.vn\/en\/wp-content\/uploads\/sites\/3\/2022\/06\/hq1-300x207.jpg\" class=\"attachment-medium size-medium wp-image-5751\" alt=\"\" srcset=\"https:\/\/iit.ictu.edu.vn\/en\/wp-content\/uploads\/sites\/3\/2022\/06\/hq1-300x207.jpg 300w, https:\/\/iit.ictu.edu.vn\/en\/wp-content\/uploads\/sites\/3\/2022\/06\/hq1.jpg 768w\" sizes=\"(max-width: 300px) 100vw, 300px\" \/><\/div>\n\t\t<\/a>\n\t\t\t\t<div class=\"elementor-post__text\">\n\t\t\t\t<h3 class=\"elementor-post__title\">\n\t\t\t<a href=\"https:\/\/iit.ictu.edu.vn\/en\/doan-cong-tac-ictu-tai-dai-hoc-quoc-gia-kyungpook-va-dai-hoc-gumi-han-quoc\/\" >\n\t\t\t\t\u0110o\u00e0n c\u00f4ng t\u00e1c ICTU t\u1ea1i \u0111\u1ea1i h\u1ecdc qu\u1ed1c gia KYUNGPOOK v\u00e0 \u0111\u1ea1i h\u1ecdc GUMI, H\u00e0n Qu\u1ed1c\t\t\t<\/a>\n\t\t<\/h3>\n\t\t\t\t<div class=\"elementor-post__excerpt\">\n\t\t\t<p>T\u1eeb 17-20\/10\/2018, \u0111o\u00e0n c\u00f4ng t\u00e1c c\u1ee7a Tr\u01b0\u1eddng \u0110\u1ea1i h\u1ecdc C\u00f4ng ngh\u1ec7 th\u00f4ng tin v\u00e0 Truy\u1ec1n th\u00f4ng do TS. V\u0169 \u0110\u1ee9c Th\u00e1i, Ph\u00f3 hi\u1ec7u tr\u01b0\u1edfng nh\u00e0<\/p>\n\t\t<\/div>\n\t\t\n\t\t<a class=\"elementor-post__read-more\" href=\"https:\/\/iit.ictu.edu.vn\/en\/doan-cong-tac-ictu-tai-dai-hoc-quoc-gia-kyungpook-va-dai-hoc-gumi-han-quoc\/\" aria-label=\"Read more about \u0110o\u00e0n c\u00f4ng t\u00e1c ICTU t\u1ea1i \u0111\u1ea1i h\u1ecdc qu\u1ed1c gia KYUNGPOOK v\u00e0 \u0111\u1ea1i h\u1ecdc GUMI, H\u00e0n Qu\u1ed1c\" tabindex=\"-1\" >\n\t\t\tXEM CHI TI\u1ebeT \u00bb\t\t<\/a>\n\n\t\t\t\t<\/div>\n\t\t\t\t<\/article>\n\t\t\t\t<article class=\"elementor-post elementor-grid-item post-5759 post type-post status-publish format-standard has-post-thumbnail hentry category-doi-tac-hop-tac\">\n\t\t\t\t<a class=\"elementor-post__thumbnail__link\" href=\"https:\/\/iit.ictu.edu.vn\/en\/le-khai-truong-samsung-lab-ictu-va-khai-giang-khoa-hoc-lap-trinh-ung-dung-di-dong-2\/\" tabindex=\"-1\" >\n\t\t\t<div class=\"elementor-post__thumbnail\"><img loading=\"lazy\" decoding=\"async\" width=\"300\" height=\"212\" src=\"https:\/\/iit.ictu.edu.vn\/en\/wp-content\/uploads\/sites\/3\/2022\/06\/samsung_lap1-300x212.jpg\" class=\"attachment-medium size-medium wp-image-5760\" alt=\"\" srcset=\"https:\/\/iit.ictu.edu.vn\/en\/wp-content\/uploads\/sites\/3\/2022\/06\/samsung_lap1-300x212.jpg 300w, https:\/\/iit.ictu.edu.vn\/en\/wp-content\/uploads\/sites\/3\/2022\/06\/samsung_lap1.jpg 600w\" sizes=\"(max-width: 300px) 100vw, 300px\" \/><\/div>\n\t\t<\/a>\n\t\t\t\t<div class=\"elementor-post__text\">\n\t\t\t\t<h3 class=\"elementor-post__title\">\n\t\t\t<a href=\"https:\/\/iit.ictu.edu.vn\/en\/le-khai-truong-samsung-lab-ictu-va-khai-giang-khoa-hoc-lap-trinh-ung-dung-di-dong-2\/\" >\n\t\t\t\tL\u1ec5 khai tru\u01a1ng SamSung LAB \u2013 ICTU v\u00e0 khai gi\u1ea3ng kho\u00e1 h\u1ecdc l\u1eadp tr\u00ecnh \u1ee9ng d\u1ee5ng di \u0111\u1ed9ng\t\t\t<\/a>\n\t\t<\/h3>\n\t\t\t\t<div class=\"elementor-post__excerpt\">\n\t\t\t<p>S\u00e1ng ng\u00e0y 06\/08\/2015, t\u1ea1i tr\u01b0\u1eddng \u0110\u1ea1i h\u1ecdc C\u00f4ng ngh\u1ec7 Th\u00f4ng tin v\u00e0 Truy\u1ec1n th\u00f4ng (ICTU) \u0111\u00e3 di\u1ec5n ra L\u1ec5 k\u00fd k\u1ebft b\u00e0n giao v\u00e0 Khai<\/p>\n\t\t<\/div>\n\t\t\n\t\t<a class=\"elementor-post__read-more\" href=\"https:\/\/iit.ictu.edu.vn\/en\/le-khai-truong-samsung-lab-ictu-va-khai-giang-khoa-hoc-lap-trinh-ung-dung-di-dong-2\/\" aria-label=\"Read more about L\u1ec5 khai tru\u01a1ng SamSung LAB \u2013 ICTU v\u00e0 khai gi\u1ea3ng kho\u00e1 h\u1ecdc l\u1eadp tr\u00ecnh \u1ee9ng d\u1ee5ng di \u0111\u1ed9ng\" tabindex=\"-1\" >\n\t\t\tXEM CHI TI\u1ebeT \u00bb\t\t<\/a>\n\n\t\t\t\t<\/div>\n\t\t\t\t<\/article>\n\t\t\t\t<\/div>\n\t\t\n\t\t\t\t<\/div>\n\t\t\t\t<\/div>\n\t\t\t\t\t\t<\/div>\n\t\t\t\t\t<\/div>\n\t\t<\/div>\n\t\t\t\t\t\t\t\t<\/div>\n\t\t\t\t\t<\/div>\n\t\t<\/section>\n\t\t\t\t<section class=\"elementor-section elementor-top-section elementor-element elementor-element-defc4c4 elementor-section-boxed elementor-section-height-default elementor-section-height-default none\" data-id=\"defc4c4\" data-element_type=\"section\">\n\t\t\t\t\t\t<div class=\"elementor-container elementor-column-gap-default\">\n\t\t\t\t\t\t\t<div class=\"elementor-row\">\n\t\t\t\t\t<div class=\"elementor-column elementor-col-100 elementor-top-column elementor-element elementor-element-96fb8d9 none\" data-id=\"96fb8d9\" data-element_type=\"column\">\n\t\t\t<div class=\"elementor-column-wrap\">\n\t\t\t\t\t\t\t<div class=\"elementor-widget-wrap\">\n\t\t\t\t\t\t\t\t<\/div>\n\t\t\t\t\t<\/div>\n\t\t<\/div>\n\t\t\t\t\t\t\t\t<\/div>\n\t\t\t\t\t<\/div>\n\t\t<\/section>\n\t\t\t\t\t\t\t\t\t<\/div>\n\t\t\t<\/div>\n\t\t\t\t\t<\/div>\n\t\t","protected":false},"excerpt":{"rendered":"<p>INTL. COOPERATION<\/p>\n","protected":false},"author":7,"featured_media":0,"parent":0,"menu_order":0,"comment_status":"closed","ping_status":"closed","template":"","meta":{"footnotes":""},"_links":{"self":[{"href":"https:\/\/iit.ictu.edu.vn\/en\/wp-json\/wp\/v2\/pages\/5738"}],"collection":[{"href":"https:\/\/iit.ictu.edu.vn\/en\/wp-json\/wp\/v2\/pages"}],"about":[{"href":"https:\/\/iit.ictu.edu.vn\/en\/wp-json\/wp\/v2\/types\/page"}],"author":[{"embeddable":true,"href":"https:\/\/iit.ictu.edu.vn\/en\/wp-json\/wp\/v2\/users\/7"}],"replies":[{"embeddable":true,"href":"https:\/\/iit.ictu.edu.vn\/en\/wp-json\/wp\/v2\/comments?post=5738"}],"version-history":[{"count":31,"href":"https:\/\/iit.ictu.edu.vn\/en\/wp-json\/wp\/v2\/pages\/5738\/revisions"}],"predecessor-version":[{"id":9068,"href":"https:\/\/iit.ictu.edu.vn\/en\/wp-json\/wp\/v2\/pages\/5738\/revisions\/9068"}],"wp:attachment":[{"href":"https:\/\/iit.ictu.edu.vn\/en\/wp-json\/wp\/v2\/media?parent=5738"}],"curies":[{"name":"wp","href":"https:\/\/api.w.org\/{rel}","templated":true}]}}