{"id":4858,"date":"2022-04-22T02:44:54","date_gmt":"2022-04-22T02:44:54","guid":{"rendered":"https:\/\/fit.ictu.vn\/?page_id=4858"},"modified":"2024-03-25T23:52:16","modified_gmt":"2024-03-25T16:52:16","slug":"lien-he","status":"publish","type":"page","link":"https:\/\/iit.ictu.edu.vn\/en\/lien-he\/","title":{"rendered":"Li\u00ean h\u1ec7"},"content":{"rendered":"\t\t<div data-elementor-type=\"wp-page\" data-elementor-id=\"4858\" class=\"elementor elementor-4858\" data-elementor-post-type=\"page\">\n\t\t\t\t\t\t<div class=\"elementor-inner\">\n\t\t\t\t<div class=\"elementor-section-wrap\">\n\t\t\t\t\t\t\t\t\t<section class=\"elementor-section elementor-top-section elementor-element elementor-element-3ebbd39c elementor-section-height-min-height elementor-section-full_width elementor-section-stretched elementor-section-height-default elementor-section-items-middle none\" data-id=\"3ebbd39c\" data-element_type=\"section\" data-settings=\"{&quot;background_background&quot;:&quot;video&quot;,&quot;background_video_link&quot;:&quot;https:\\\/\\\/youtu.be\\\/dXehgt05g8Q&quot;,&quot;background_video_start&quot;:21,&quot;background_video_end&quot;:55,&quot;background_play_on_mobile&quot;:&quot;yes&quot;,&quot;background_privacy_mode&quot;:&quot;yes&quot;,&quot;stretch_section&quot;:&quot;section-stretched&quot;}\">\n\t\t\t\t\t\t\t\t<div class=\"elementor-background-video-container\">\n\t\t\t\t\t\t\t\t\t\t\t\t\t<div class=\"elementor-background-video-embed\"><\/div>\n\t\t\t\t\t\t\t\t\t\t\t\t<\/div>\n\t\t\t\t\t\t\t\t\t<div class=\"elementor-background-overlay\"><\/div>\n\t\t\t\t\t\t\t<div class=\"elementor-container elementor-column-gap-no\">\n\t\t\t\t\t\t\t<div class=\"elementor-row\">\n\t\t\t\t\t<div class=\"elementor-column elementor-col-100 elementor-top-column elementor-element elementor-element-6829bab8 none\" data-id=\"6829bab8\" data-element_type=\"column\">\n\t\t\t<div class=\"elementor-column-wrap elementor-element-populated\">\n\t\t\t\t\t\t\t<div class=\"elementor-widget-wrap\">\n\t\t\t\t\t\t<div class=\"elementor-element elementor-element-957fd90 none elementor-invisible elementor-widget elementor-widget-heading\" data-id=\"957fd90\" data-element_type=\"widget\" data-settings=\"{&quot;_animation&quot;:&quot;rubberBand&quot;}\" data-widget_type=\"heading.default\">\n\t\t\t\t<div class=\"elementor-widget-container\">\n\t\t\t<h2 class=\"elementor-heading-title elementor-size-default\">CONTACT<\/h2>\t\t<\/div>\n\t\t\t\t<\/div>\n\t\t\t\t\t\t<\/div>\n\t\t\t\t\t<\/div>\n\t\t<\/div>\n\t\t\t\t\t\t\t\t<\/div>\n\t\t\t\t\t<\/div>\n\t\t<\/section>\n\t\t\t\t<section class=\"elementor-section elementor-top-section elementor-element elementor-element-60f02efb elementor-section-boxed elementor-section-height-default elementor-section-height-default none\" data-id=\"60f02efb\" data-element_type=\"section\">\n\t\t\t\t\t\t<div class=\"elementor-container elementor-column-gap-default\">\n\t\t\t\t\t\t\t<div class=\"elementor-row\">\n\t\t\t\t\t<div class=\"elementor-column elementor-col-50 elementor-top-column elementor-element elementor-element-3f6e7b30 none\" data-id=\"3f6e7b30\" data-element_type=\"column\" data-settings=\"{&quot;background_background&quot;:&quot;classic&quot;}\">\n\t\t\t<div class=\"elementor-column-wrap elementor-element-populated\">\n\t\t\t\t\t\t\t<div class=\"elementor-widget-wrap\">\n\t\t\t\t\t\t<div class=\"elementor-element elementor-element-771e5a6e none elementor-widget elementor-widget-ovic_title\" data-id=\"771e5a6e\" data-element_type=\"widget\" data-widget_type=\"ovic_title.default\">\n\t\t\t\t<div class=\"elementor-widget-container\">\n\t\t\t        <div class=\"ovic-title-block\">\r\n                            <div class=\"ovic-title-block__inner\" style=\"color:#333333\">\r\n                    <h3 class=\"ovic-title-block__text\">Institute of International Training<\/h3>\r\n                <\/div>\r\n                    <\/div>\r\n        \t\t<\/div>\n\t\t\t\t<\/div>\n\t\t\t\t<div class=\"elementor-element elementor-element-378ec7fa none elementor-widget elementor-widget-text-editor\" data-id=\"378ec7fa\" data-element_type=\"widget\" data-widget_type=\"text-editor.default\">\n\t\t\t\t<div class=\"elementor-widget-container\">\n\t\t\t\t\t\t\t\t<div class=\"elementor-text-editor elementor-clearfix\">\n\t\t\t\t<div class=\"ovic-contact-element\"><div class=\"ovic-contact-element__icon\">\u00a0<\/div><div class=\"ovic-contact-element__text\"><p><span style=\"color: #000000;\">Mailing Address: Institute of International Training, Thai Nguyen University of Information and Communication Technology (Room 208, C6 Building) &#8211; Z115 Street, Quyet Thang ward, Thai Nguyen City, Thai Nguyen Province.<\/span><\/p><\/div><\/div><div class=\"ovic-contact-element\"><div class=\"ovic-contact-element__icon\">\u00a0<\/div><div class=\"ovic-contact-element__text\"><p><span style=\"color: #333333;\">Email: <a style=\"color: #333333;\" href=\"viendtqt@ictu.vn\">viendtqt@ictu.edu.vn\u00a0<\/a><\/span><\/p><\/div><\/div><div class=\"ovic-contact-element\"><div class=\"ovic-contact-element__icon\">\u00a0<\/div><div class=\"ovic-contact-element__text\"><p><span style=\"color: #000000;\">Phone\/Zalo\/WhatsApp: +84-976.445.861 or +84-865.178.220<\/span><\/p><\/div><\/div><div class=\"ovic-contact-element\"><div class=\"ovic-contact-element__icon\"><p class=\"footer-content__text\">\u00a0<\/p><\/div><div class=\"ovic-contact-element__text\"><p><span style=\"color: #333333;\">Facebook: <a href=\"https:\/\/www.facebook.com\/ictu.vn\">https:\/\/www.facebook.com\/ictu.vn<\/a><\/span><\/p><\/div><\/div><div class=\"ovic-contact-element\"><div class=\"ovic-contact-element__icon\">\u00a0<\/div><div class=\"ovic-contact-element__text\"><p><span style=\"color: #333333;\">Website of ICTU: <a href=\"https:\/\/ictu.edu.vn\/\">https:\/\/ictu.edu.vn\/<\/a><\/span><\/p><\/div><\/div>\t\t\t\t\t<\/div>\n\t\t\t\t\t\t<\/div>\n\t\t\t\t<\/div>\n\t\t\t\t\t\t<\/div>\n\t\t\t\t\t<\/div>\n\t\t<\/div>\n\t\t\t\t<div class=\"elementor-column elementor-col-50 elementor-top-column elementor-element elementor-element-a840ece none\" data-id=\"a840ece\" data-element_type=\"column\" data-settings=\"{&quot;background_background&quot;:&quot;classic&quot;}\">\n\t\t\t<div class=\"elementor-column-wrap elementor-element-populated\">\n\t\t\t\t\t\t\t<div class=\"elementor-widget-wrap\">\n\t\t\t\t\t\t<div class=\"elementor-element elementor-element-716ce37e none elementor-widget elementor-widget-shortcode\" data-id=\"716ce37e\" data-element_type=\"widget\" data-widget_type=\"shortcode.default\">\n\t\t\t\t<div class=\"elementor-widget-container\">\n\t\t\t\t\t<div class=\"elementor-shortcode\">\n<div class=\"wpcf7 no-js\" id=\"wpcf7-f4856-o1\" lang=\"en-US\" dir=\"ltr\">\n<div class=\"screen-reader-response\"><p role=\"status\" aria-live=\"polite\" aria-atomic=\"true\"><\/p> <ul><\/ul><\/div>\n<form action=\"\/en\/wp-json\/wp\/v2\/pages\/4858#wpcf7-f4856-o1\" method=\"post\" class=\"wpcf7-form init\" aria-label=\"Contact form\" novalidate=\"novalidate\" data-status=\"init\">\n<div style=\"display: none;\">\n<input type=\"hidden\" name=\"_wpcf7\" value=\"4856\" \/>\n<input type=\"hidden\" name=\"_wpcf7_version\" value=\"5.8.6\" \/>\n<input type=\"hidden\" name=\"_wpcf7_locale\" value=\"en_US\" \/>\n<input type=\"hidden\" name=\"_wpcf7_unit_tag\" value=\"wpcf7-f4856-o1\" \/>\n<input type=\"hidden\" name=\"_wpcf7_container_post\" value=\"0\" \/>\n<input type=\"hidden\" name=\"_wpcf7_posted_data_hash\" value=\"\" \/>\n<\/div>\n<div class=\"--form-control-width-100\">\n\t<p><label> H\u1ecd v\u00e0 t\u00ean*:<br \/>\n<span class=\"wpcf7-form-control-wrap\" data-name=\"your-name\"><input size=\"40\" class=\"wpcf7-form-control wpcf7-text wpcf7-validates-as-required\" aria-required=\"true\" aria-invalid=\"false\" value=\"\" type=\"text\" name=\"your-name\" \/><\/span> <\/label>\n\t<\/p>\n<\/div>\n<div class=\"--form-control-width-50\">\n\t<p><label class=\"elm-width-50\"> \u0110i\u1ec7n tho\u1ea1i*:<br \/>\n<span class=\"wpcf7-form-control-wrap\" data-name=\"phone\"><input size=\"40\" class=\"wpcf7-form-control wpcf7-tel wpcf7-validates-as-required wpcf7-text wpcf7-validates-as-tel elm-width-50\" aria-required=\"true\" aria-invalid=\"false\" value=\"\" type=\"tel\" name=\"phone\" \/><\/span> <\/label>\n\t<\/p>\n<\/div>\n<div class=\"--form-control-width-50\">\n\t<p><label> Email:<br \/>\n<span class=\"wpcf7-form-control-wrap\" data-name=\"your-email\"><input size=\"40\" class=\"wpcf7-form-control wpcf7-email wpcf7-text wpcf7-validates-as-email elm-width-50\" aria-invalid=\"false\" value=\"\" type=\"email\" name=\"your-email\" \/><\/span> <\/label>\n\t<\/p>\n<\/div>\n<div class=\"--form-control-width-100\">\n\t<p><label> N\u1ed9i dung li\u00ean h\u1ec7*:<br \/>\n<span class=\"wpcf7-form-control-wrap\" data-name=\"your-message\"><textarea cols=\"40\" rows=\"10\" class=\"wpcf7-form-control wpcf7-textarea wpcf7-validates-as-required\" aria-required=\"true\" aria-invalid=\"false\" name=\"your-message\"><\/textarea><\/span> <\/label>\n\t<\/p>\n<\/div>\n<div class=\"--form-control-width-100\">\n\t<p><input class=\"wpcf7-form-control wpcf7-submit has-spinner\" type=\"submit\" value=\"G\u1eedi\" \/>\n\t<\/p>\n<\/div><div class=\"wpcf7-response-output\" aria-hidden=\"true\"><\/div>\n<\/form>\n<\/div>\n<\/div>\n\t\t\t\t<\/div>\n\t\t\t\t<\/div>\n\t\t\t\t\t\t<\/div>\n\t\t\t\t\t<\/div>\n\t\t<\/div>\n\t\t\t\t\t\t\t\t<\/div>\n\t\t\t\t\t<\/div>\n\t\t<\/section>\n\t\t\t\t<section class=\"elementor-section elementor-top-section elementor-element elementor-element-7c655091 elementor-section-boxed elementor-section-height-default elementor-section-height-default none elementor-has-width\" data-id=\"7c655091\" data-element_type=\"section\">\n\t\t\t\t\t\t<div class=\"elementor-container elementor-column-gap-default\">\n\t\t\t\t\t\t\t<div class=\"elementor-row\">\n\t\t\t\t\t<div class=\"elementor-column elementor-col-100 elementor-top-column elementor-element elementor-element-3212fc9b none\" data-id=\"3212fc9b\" data-element_type=\"column\">\n\t\t\t<div class=\"elementor-column-wrap elementor-element-populated\">\n\t\t\t\t\t\t\t<div class=\"elementor-widget-wrap\">\n\t\t\t\t\t\t<div class=\"elementor-element elementor-element-2b00f5d9 none elementor-widget elementor-widget-google_maps\" data-id=\"2b00f5d9\" data-element_type=\"widget\" data-widget_type=\"google_maps.default\">\n\t\t\t\t<div class=\"elementor-widget-container\">\n\t\t\t\t\t<div class=\"elementor-custom-embed\">\n\t\t\t<iframe loading=\"lazy\"\n\t\t\t\t\tsrc=\"https:\/\/maps.google.com\/maps?q=Tr%C6%B0%E1%BB%9Dng%20%C4%90%E1%BA%A1i%20h%E1%BB%8Dc%20C%C3%B4ng%20ngh%E1%BB%87%20Th%C3%B4ng%20tin%20%26%20Truy%E1%BB%81n%20th%C3%B4ng%20Th%C3%A1i%20Nguy%C3%AAn%2C%20%C4%90%C6%B0%E1%BB%9Dng%20Z%20115%2C%20Quy%E1%BA%BFt%20Th%E1%BA%AFng%2C%20Th%C3%A0nh%20ph%E1%BB%91%20Th%C3%A1i%20Nguy%C3%AAn%2C%20Th%C3%A1i%20Nguy%C3%AAn%20250000&#038;t=m&#038;z=17&#038;output=embed&#038;iwloc=near\"\n\t\t\t\t\ttitle=\"Tr\u01b0\u1eddng \u0110\u1ea1i h\u1ecdc C\u00f4ng ngh\u1ec7 Th\u00f4ng tin &amp; Truy\u1ec1n th\u00f4ng Th\u00e1i Nguy\u00ean, \u0110\u01b0\u1eddng Z 115, Quy\u1ebft Th\u1eafng, Th\u00e0nh ph\u1ed1 Th\u00e1i Nguy\u00ean, Th\u00e1i Nguy\u00ean 250000\"\n\t\t\t\t\taria-label=\"Tr\u01b0\u1eddng \u0110\u1ea1i h\u1ecdc C\u00f4ng ngh\u1ec7 Th\u00f4ng tin &amp; Truy\u1ec1n th\u00f4ng Th\u00e1i Nguy\u00ean, \u0110\u01b0\u1eddng Z 115, Quy\u1ebft Th\u1eafng, Th\u00e0nh ph\u1ed1 Th\u00e1i Nguy\u00ean, Th\u00e1i Nguy\u00ean 250000\"\n\t\t\t><\/iframe>\n\t\t<\/div>\n\t\t\t\t<\/div>\n\t\t\t\t<\/div>\n\t\t\t\t\t\t<\/div>\n\t\t\t\t\t<\/div>\n\t\t<\/div>\n\t\t\t\t\t\t\t\t<\/div>\n\t\t\t\t\t<\/div>\n\t\t<\/section>\n\t\t\t\t\t\t\t\t\t<\/div>\n\t\t\t<\/div>\n\t\t\t\t\t<\/div>\n\t\t","protected":false},"excerpt":{"rendered":"<p>CONTACT \u00a0 Mailing Address: Institute of International Training, Thai Nguyen University of Information and Communication Technology (Room 208, C6 Building) &#8211; Z115 Street, Quyet Thang ward, Thai Nguyen City, Thai Nguyen Province. \u00a0 Email: viendtqt@ictu.edu.vn\u00a0 \u00a0 Phone\/Zalo\/WhatsApp: +84-976.445.861 or +84-865.178.220 \u00a0 Facebook: https:\/\/www.facebook.com\/ictu.vn \u00a0 Website of ICTU: https:\/\/ictu.edu.vn\/<\/p>\n","protected":false},"author":1,"featured_media":0,"parent":0,"menu_order":0,"comment_status":"closed","ping_status":"closed","template":"templates\/full-width.php","meta":{"footnotes":""},"_links":{"self":[{"href":"https:\/\/iit.ictu.edu.vn\/en\/wp-json\/wp\/v2\/pages\/4858"}],"collection":[{"href":"https:\/\/iit.ictu.edu.vn\/en\/wp-json\/wp\/v2\/pages"}],"about":[{"href":"https:\/\/iit.ictu.edu.vn\/en\/wp-json\/wp\/v2\/types\/page"}],"author":[{"embeddable":true,"href":"https:\/\/iit.ictu.edu.vn\/en\/wp-json\/wp\/v2\/users\/1"}],"replies":[{"embeddable":true,"href":"https:\/\/iit.ictu.edu.vn\/en\/wp-json\/wp\/v2\/comments?post=4858"}],"version-history":[{"count":64,"href":"https:\/\/iit.ictu.edu.vn\/en\/wp-json\/wp\/v2\/pages\/4858\/revisions"}],"predecessor-version":[{"id":9084,"href":"https:\/\/iit.ictu.edu.vn\/en\/wp-json\/wp\/v2\/pages\/4858\/revisions\/9084"}],"wp:attachment":[{"href":"https:\/\/iit.ictu.edu.vn\/en\/wp-json\/wp\/v2\/media?parent=4858"}],"curies":[{"name":"wp","href":"https:\/\/api.w.org\/{rel}","templated":true}]}}